{"id":11879,"date":"2023-06-13T15:58:04","date_gmt":"2023-06-13T13:58:04","guid":{"rendered":"http:\/\/spectrumsolar.nl\/product\/lotus-jubilee-35-speksteen-met-kooksectie\/"},"modified":"2025-02-06T14:43:00","modified_gmt":"2025-02-06T13:43:00","slug":"lotus-jubilee-35-speckstein-mit-kochfeld","status":"publish","type":"product","link":"https:\/\/www.123-kaminofen.de\/deutsch\/produkt\/lotus-jubilee-35-speckstein-mit-kochfeld\/","title":{"rendered":"Lotus Jubilee 35 Speckstein mit Kochfeld"},"content":{"rendered":"<h2>Lotus Jubilee 35S mit Warmhaltefach<\/h2>\n<p>Die Kaminofenserie Jubilee 35 aus dem Hause Lotus bietet Ihnen eine Vielzahl an M\u00f6glichkeiten und besteht aus vier unterschiedlichen Kamin\u00f6fen: Jubilee 35, dem Jubilee 35 mit Warmhaltefach, dem Jubilee 35S und dem Jubilee 35 M.<\/p>\n<p>Leichte Bedienung, bestechendes Design und eine umweltfreundliche Funktionsweise machen Lotus Kamin\u00f6fen zu Produkten der besonderen Art. Hochwertiges Material sichert hierbei Haltbarkeit und Funktionalit\u00e4t. Nicht umsonst geh\u00f6ren Kamin\u00f6fen von Lotus zu den solidesten \u00d6fen, die es auf dem Markt gibt.<\/p>\n<p>Der Kaminofen Jubilee 35S besticht vor allem durch seine hochwertige Specksteinverkleidung. Dadurch wird nicht nur die W\u00e4rme l\u00e4nger gespeichert, sondern auch gleichm\u00e4\u00dfig \u00fcber einen l\u00e4ngeren Zeitraum an den Aufstellraum abgegeben.<\/p>\n<p>Der gro\u00dfe Brennraum erm\u00f6glicht die Aufnahme von Scheitholz mit einer L\u00e4nge von max. 50 cm.<\/p>\n","protected":false},"excerpt":{"rendered":"<p><img decoding=\"async\" class=\"alignnone size-full wp-image-20521\" src=\"http:\/\/spectrumsolar.nl\/wp-content\/uploads\/2023\/05\/Energielabels_0001_Laag-5.png\" alt=\"\" width=\"83\" height=\"36\" \/><\/p>\n","protected":false},"featured_media":11715,"template":"","meta":[],"product_brand":[],"product_cat":[101],"product_tag":[],"class_list":{"0":"post-11879","1":"product","2":"type-product","3":"status-publish","4":"has-post-thumbnail","6":"product_cat-holzofen","7":"product_shipping_class-dgo-transporteur","8":"pa_anschluss-des-ofens-oben-und-hinten","9":"pa_breite-726-mm","10":"pa_feuer-ansicht-font","11":"pa_gewicht-300-kg","12":"pa_hoehe-1422-mm","13":"pa_marke-lotus","14":"pa_nennleistung-7-kw","15":"pa_rauchrohranschluss-150-mm","16":"pa_tiefe-454-mm","17":"pa_typ-des-ofens-freistehend","18":"pa_verkleidung-speckstein","19":"pa_wirkungsgrad-628","21":"first","22":"instock","23":"sale","24":"taxable","25":"shipping-taxable","26":"purchasable","27":"product-type-simple"},"yoast_head":"<!-- This site is optimized with the Yoast SEO plugin v26.8 - https:\/\/yoast.com\/product\/yoast-seo-wordpress\/ -->\n<title>Lotus Jubilee 35 Speckstein mit Kochfeld | 123-Kaminofen<\/title>\n<meta name=\"description\" content=\"Sie suchen einen Lotus Jubilee 35 Speckstein mit Kochfeld? Dann werden Sie bei 123-Kaminofen f\u00fcndig. Der Experte f\u00fcr Nachhaltigkeit. Entdecken Sie jetzt unsere Angebote.\" \/>\n<meta name=\"robots\" content=\"index, follow, max-snippet:-1, max-image-preview:large, max-video-preview:-1\" \/>\n<link rel=\"canonical\" href=\"https:\/\/www.123-kaminofen.de\/deutsch\/produkt\/lotus-jubilee-35-speckstein-mit-kochfeld\/\" \/>\n<meta property=\"og:locale\" content=\"de_DE\" \/>\n<meta property=\"og:type\" content=\"article\" \/>\n<meta property=\"og:title\" content=\"Lotus Jubilee 35 Speckstein mit Kochfeld | 123-Kaminofen\" \/>\n<meta property=\"og:description\" content=\"Sie suchen einen Lotus Jubilee 35 Speckstein mit Kochfeld? Dann werden Sie bei 123-Kaminofen f\u00fcndig. Der Experte f\u00fcr Nachhaltigkeit. Entdecken Sie jetzt unsere Angebote.\" \/>\n<meta property=\"og:url\" content=\"https:\/\/www.123-kaminofen.de\/deutsch\/produkt\/lotus-jubilee-35-speckstein-mit-kochfeld\/\" \/>\n<meta property=\"og:site_name\" content=\"123-Kaminofen\" \/>\n<meta property=\"article:publisher\" content=\"https:\/\/www.facebook.com\/123kaminofen\" \/>\n<meta property=\"article:modified_time\" content=\"2025-02-06T13:43:00+00:00\" \/>\n<meta property=\"og:image\" content=\"https:\/\/www.123-kaminofen.de\/deutsch\/wp-content\/uploads\/2023\/06\/Jubilee-35m-kooksectie_0000_jubilee-35-s-med-bagefag-laage.jpg\" \/>\n\t<meta property=\"og:image:width\" content=\"800\" \/>\n\t<meta property=\"og:image:height\" content=\"800\" \/>\n\t<meta property=\"og:image:type\" content=\"image\/jpeg\" \/>\n<meta name=\"twitter:card\" content=\"summary_large_image\" \/>\n<meta name=\"twitter:label1\" content=\"Gesch\u00e4tzte Lesezeit\" \/>\n\t<meta name=\"twitter:data1\" content=\"1\u00a0Minute\" \/>\n<script type=\"application\/ld+json\" class=\"yoast-schema-graph\">{\"@context\":\"https:\/\/schema.org\",\"@graph\":[{\"@type\":\"WebPage\",\"@id\":\"https:\/\/www.123-kaminofen.de\/deutsch\/produkt\/lotus-jubilee-35-speckstein-mit-kochfeld\/\",\"url\":\"https:\/\/www.123-kaminofen.de\/deutsch\/produkt\/lotus-jubilee-35-speckstein-mit-kochfeld\/\",\"name\":\"Lotus Jubilee 35 Speckstein mit Kochfeld | 123-Kaminofen\",\"isPartOf\":{\"@id\":\"https:\/\/www.123-kaminofen.de\/deutsch\/#website\"},\"primaryImageOfPage\":{\"@id\":\"https:\/\/www.123-kaminofen.de\/deutsch\/produkt\/lotus-jubilee-35-speckstein-mit-kochfeld\/#primaryimage\"},\"image\":{\"@id\":\"https:\/\/www.123-kaminofen.de\/deutsch\/produkt\/lotus-jubilee-35-speckstein-mit-kochfeld\/#primaryimage\"},\"thumbnailUrl\":\"https:\/\/www.123-kaminofen.de\/deutsch\/wp-content\/uploads\/2023\/06\/Jubilee-35m-kooksectie_0000_jubilee-35-s-med-bagefag-laage.jpg\",\"datePublished\":\"2023-06-13T13:58:04+00:00\",\"dateModified\":\"2025-02-06T13:43:00+00:00\",\"description\":\"Sie suchen einen Lotus Jubilee 35 Speckstein mit Kochfeld? Dann werden Sie bei 123-Kaminofen f\u00fcndig. Der Experte f\u00fcr Nachhaltigkeit. Entdecken Sie jetzt unsere Angebote.\",\"breadcrumb\":{\"@id\":\"https:\/\/www.123-kaminofen.de\/deutsch\/produkt\/lotus-jubilee-35-speckstein-mit-kochfeld\/#breadcrumb\"},\"inLanguage\":\"de\",\"potentialAction\":[{\"@type\":\"ReadAction\",\"target\":[\"https:\/\/www.123-kaminofen.de\/deutsch\/produkt\/lotus-jubilee-35-speckstein-mit-kochfeld\/\"]}]},{\"@type\":\"ImageObject\",\"inLanguage\":\"de\",\"@id\":\"https:\/\/www.123-kaminofen.de\/deutsch\/produkt\/lotus-jubilee-35-speckstein-mit-kochfeld\/#primaryimage\",\"url\":\"https:\/\/www.123-kaminofen.de\/deutsch\/wp-content\/uploads\/2023\/06\/Jubilee-35m-kooksectie_0000_jubilee-35-s-med-bagefag-laage.jpg\",\"contentUrl\":\"https:\/\/www.123-kaminofen.de\/deutsch\/wp-content\/uploads\/2023\/06\/Jubilee-35m-kooksectie_0000_jubilee-35-s-med-bagefag-laage.jpg\",\"width\":800,\"height\":800},{\"@type\":\"BreadcrumbList\",\"@id\":\"https:\/\/www.123-kaminofen.de\/deutsch\/produkt\/lotus-jubilee-35-speckstein-mit-kochfeld\/#breadcrumb\",\"itemListElement\":[{\"@type\":\"ListItem\",\"position\":1,\"name\":\"Home\",\"item\":\"https:\/\/www.123-kaminofen.de\/deutsch\/\"},{\"@type\":\"ListItem\",\"position\":2,\"name\":\"Webshop\",\"item\":\"https:\/\/www.123-kaminofen.de\/deutsch\/winkel\/\"},{\"@type\":\"ListItem\",\"position\":3,\"name\":\"Lotus Jubilee 35 Speckstein mit Kochfeld\"}]},{\"@type\":\"WebSite\",\"@id\":\"https:\/\/www.123-kaminofen.de\/deutsch\/#website\",\"url\":\"https:\/\/www.123-kaminofen.de\/deutsch\/\",\"name\":\"123-Kaminofen\",\"description\":\"\",\"publisher\":{\"@id\":\"https:\/\/www.123-kaminofen.de\/deutsch\/#organization\"},\"potentialAction\":[{\"@type\":\"SearchAction\",\"target\":{\"@type\":\"EntryPoint\",\"urlTemplate\":\"https:\/\/www.123-kaminofen.de\/deutsch\/?s={search_term_string}\"},\"query-input\":{\"@type\":\"PropertyValueSpecification\",\"valueRequired\":true,\"valueName\":\"search_term_string\"}}],\"inLanguage\":\"de\"},{\"@type\":\"Organization\",\"@id\":\"https:\/\/www.123-kaminofen.de\/deutsch\/#organization\",\"name\":\"Handelsbetrieb Bakker\",\"alternateName\":\"123-Kaminofen\",\"url\":\"https:\/\/www.123-kaminofen.de\/deutsch\/\",\"logo\":{\"@type\":\"ImageObject\",\"inLanguage\":\"de\",\"@id\":\"https:\/\/www.123-kaminofen.de\/deutsch\/#\/schema\/logo\/image\/\",\"url\":\"https:\/\/www.spectrumsolar.nl\/deutsch\/wp-content\/uploads\/2023\/04\/123-Kaminofen.png\",\"contentUrl\":\"https:\/\/www.spectrumsolar.nl\/deutsch\/wp-content\/uploads\/2023\/04\/123-Kaminofen.png\",\"width\":1447,\"height\":221,\"caption\":\"Handelsbetrieb Bakker\"},\"image\":{\"@id\":\"https:\/\/www.123-kaminofen.de\/deutsch\/#\/schema\/logo\/image\/\"},\"sameAs\":[\"https:\/\/www.facebook.com\/123kaminofen\",\"https:\/\/instagram.com\/123kaminofen\"]}]}<\/script>\n<!-- \/ Yoast SEO plugin. -->","yoast_head_json":{"title":"Lotus Jubilee 35 Speckstein mit Kochfeld | 123-Kaminofen","description":"Sie suchen einen Lotus Jubilee 35 Speckstein mit Kochfeld? Dann werden Sie bei 123-Kaminofen f\u00fcndig. Der Experte f\u00fcr Nachhaltigkeit. Entdecken Sie jetzt unsere Angebote.","robots":{"index":"index","follow":"follow","max-snippet":"max-snippet:-1","max-image-preview":"max-image-preview:large","max-video-preview":"max-video-preview:-1"},"canonical":"https:\/\/www.123-kaminofen.de\/deutsch\/produkt\/lotus-jubilee-35-speckstein-mit-kochfeld\/","og_locale":"de_DE","og_type":"article","og_title":"Lotus Jubilee 35 Speckstein mit Kochfeld | 123-Kaminofen","og_description":"Sie suchen einen Lotus Jubilee 35 Speckstein mit Kochfeld? Dann werden Sie bei 123-Kaminofen f\u00fcndig. Der Experte f\u00fcr Nachhaltigkeit. Entdecken Sie jetzt unsere Angebote.","og_url":"https:\/\/www.123-kaminofen.de\/deutsch\/produkt\/lotus-jubilee-35-speckstein-mit-kochfeld\/","og_site_name":"123-Kaminofen","article_publisher":"https:\/\/www.facebook.com\/123kaminofen","article_modified_time":"2025-02-06T13:43:00+00:00","og_image":[{"width":800,"height":800,"url":"https:\/\/www.123-kaminofen.de\/deutsch\/wp-content\/uploads\/2023\/06\/Jubilee-35m-kooksectie_0000_jubilee-35-s-med-bagefag-laage.jpg","type":"image\/jpeg"}],"twitter_card":"summary_large_image","twitter_misc":{"Gesch\u00e4tzte Lesezeit":"1\u00a0Minute"},"schema":{"@context":"https:\/\/schema.org","@graph":[{"@type":"WebPage","@id":"https:\/\/www.123-kaminofen.de\/deutsch\/produkt\/lotus-jubilee-35-speckstein-mit-kochfeld\/","url":"https:\/\/www.123-kaminofen.de\/deutsch\/produkt\/lotus-jubilee-35-speckstein-mit-kochfeld\/","name":"Lotus Jubilee 35 Speckstein mit Kochfeld | 123-Kaminofen","isPartOf":{"@id":"https:\/\/www.123-kaminofen.de\/deutsch\/#website"},"primaryImageOfPage":{"@id":"https:\/\/www.123-kaminofen.de\/deutsch\/produkt\/lotus-jubilee-35-speckstein-mit-kochfeld\/#primaryimage"},"image":{"@id":"https:\/\/www.123-kaminofen.de\/deutsch\/produkt\/lotus-jubilee-35-speckstein-mit-kochfeld\/#primaryimage"},"thumbnailUrl":"https:\/\/www.123-kaminofen.de\/deutsch\/wp-content\/uploads\/2023\/06\/Jubilee-35m-kooksectie_0000_jubilee-35-s-med-bagefag-laage.jpg","datePublished":"2023-06-13T13:58:04+00:00","dateModified":"2025-02-06T13:43:00+00:00","description":"Sie suchen einen Lotus Jubilee 35 Speckstein mit Kochfeld? Dann werden Sie bei 123-Kaminofen f\u00fcndig. Der Experte f\u00fcr Nachhaltigkeit. Entdecken Sie jetzt unsere Angebote.","breadcrumb":{"@id":"https:\/\/www.123-kaminofen.de\/deutsch\/produkt\/lotus-jubilee-35-speckstein-mit-kochfeld\/#breadcrumb"},"inLanguage":"de","potentialAction":[{"@type":"ReadAction","target":["https:\/\/www.123-kaminofen.de\/deutsch\/produkt\/lotus-jubilee-35-speckstein-mit-kochfeld\/"]}]},{"@type":"ImageObject","inLanguage":"de","@id":"https:\/\/www.123-kaminofen.de\/deutsch\/produkt\/lotus-jubilee-35-speckstein-mit-kochfeld\/#primaryimage","url":"https:\/\/www.123-kaminofen.de\/deutsch\/wp-content\/uploads\/2023\/06\/Jubilee-35m-kooksectie_0000_jubilee-35-s-med-bagefag-laage.jpg","contentUrl":"https:\/\/www.123-kaminofen.de\/deutsch\/wp-content\/uploads\/2023\/06\/Jubilee-35m-kooksectie_0000_jubilee-35-s-med-bagefag-laage.jpg","width":800,"height":800},{"@type":"BreadcrumbList","@id":"https:\/\/www.123-kaminofen.de\/deutsch\/produkt\/lotus-jubilee-35-speckstein-mit-kochfeld\/#breadcrumb","itemListElement":[{"@type":"ListItem","position":1,"name":"Home","item":"https:\/\/www.123-kaminofen.de\/deutsch\/"},{"@type":"ListItem","position":2,"name":"Webshop","item":"https:\/\/www.123-kaminofen.de\/deutsch\/winkel\/"},{"@type":"ListItem","position":3,"name":"Lotus Jubilee 35 Speckstein mit Kochfeld"}]},{"@type":"WebSite","@id":"https:\/\/www.123-kaminofen.de\/deutsch\/#website","url":"https:\/\/www.123-kaminofen.de\/deutsch\/","name":"123-Kaminofen","description":"","publisher":{"@id":"https:\/\/www.123-kaminofen.de\/deutsch\/#organization"},"potentialAction":[{"@type":"SearchAction","target":{"@type":"EntryPoint","urlTemplate":"https:\/\/www.123-kaminofen.de\/deutsch\/?s={search_term_string}"},"query-input":{"@type":"PropertyValueSpecification","valueRequired":true,"valueName":"search_term_string"}}],"inLanguage":"de"},{"@type":"Organization","@id":"https:\/\/www.123-kaminofen.de\/deutsch\/#organization","name":"Handelsbetrieb Bakker","alternateName":"123-Kaminofen","url":"https:\/\/www.123-kaminofen.de\/deutsch\/","logo":{"@type":"ImageObject","inLanguage":"de","@id":"https:\/\/www.123-kaminofen.de\/deutsch\/#\/schema\/logo\/image\/","url":"https:\/\/www.spectrumsolar.nl\/deutsch\/wp-content\/uploads\/2023\/04\/123-Kaminofen.png","contentUrl":"https:\/\/www.spectrumsolar.nl\/deutsch\/wp-content\/uploads\/2023\/04\/123-Kaminofen.png","width":1447,"height":221,"caption":"Handelsbetrieb Bakker"},"image":{"@id":"https:\/\/www.123-kaminofen.de\/deutsch\/#\/schema\/logo\/image\/"},"sameAs":["https:\/\/www.facebook.com\/123kaminofen","https:\/\/instagram.com\/123kaminofen"]}]}},"_links":{"self":[{"href":"https:\/\/www.123-kaminofen.de\/deutsch\/wp-json\/wp\/v2\/product\/11879","targetHints":{"allow":["GET"]}}],"collection":[{"href":"https:\/\/www.123-kaminofen.de\/deutsch\/wp-json\/wp\/v2\/product"}],"about":[{"href":"https:\/\/www.123-kaminofen.de\/deutsch\/wp-json\/wp\/v2\/types\/product"}],"version-history":[{"count":3,"href":"https:\/\/www.123-kaminofen.de\/deutsch\/wp-json\/wp\/v2\/product\/11879\/revisions"}],"predecessor-version":[{"id":27997,"href":"https:\/\/www.123-kaminofen.de\/deutsch\/wp-json\/wp\/v2\/product\/11879\/revisions\/27997"}],"wp:featuredmedia":[{"embeddable":true,"href":"https:\/\/www.123-kaminofen.de\/deutsch\/wp-json\/wp\/v2\/media\/11715"}],"wp:attachment":[{"href":"https:\/\/www.123-kaminofen.de\/deutsch\/wp-json\/wp\/v2\/media?parent=11879"}],"wp:term":[{"taxonomy":"product_brand","embeddable":true,"href":"https:\/\/www.123-kaminofen.de\/deutsch\/wp-json\/wp\/v2\/product_brand?post=11879"},{"taxonomy":"product_cat","embeddable":true,"href":"https:\/\/www.123-kaminofen.de\/deutsch\/wp-json\/wp\/v2\/product_cat?post=11879"},{"taxonomy":"product_tag","embeddable":true,"href":"https:\/\/www.123-kaminofen.de\/deutsch\/wp-json\/wp\/v2\/product_tag?post=11879"}],"curies":[{"name":"wp","href":"https:\/\/api.w.org\/{rel}","templated":true}]}}