{"id":13516,"date":"2023-06-27T11:19:32","date_gmt":"2023-06-27T09:19:32","guid":{"rendered":"http:\/\/spectrumsolar.nl\/product\/la-nordica-rosa-sinistra-reverse-liberty-bordeaux\/"},"modified":"2024-07-24T13:55:37","modified_gmt":"2024-07-24T11:55:37","slug":"la-nordica-rosa-sinistra-reverse-liberty-bordeaux","status":"publish","type":"product","link":"https:\/\/www.123-kaminofen.de\/deutsch\/produkt\/la-nordica-rosa-sinistra-reverse-liberty-bordeaux\/","title":{"rendered":"La Nordica Rosa Sinistra Reverse Liberty Bordeaux"},"content":{"rendered":"<h2>La Nordica Rosa Sinistra Reverse Liberty Bordeaux<\/h2>\n<p>Sinistra ist italienisch und bedeutet linksseitig. Bei dem K\u00fcchenofen Rosa Reverse Sinistra von La Nordica befinden sich deshalb das Backfach auf der linken Seite und der Brennraum auf der rechten Seite. Die gro\u00dfe Kochfl\u00e4che rundet die Ausstattung f\u00fcr ein vollumf\u00e4ngliches Koch- und Backvergn\u00fcgen ab.<\/p>\n<p>Mit 8,2 kW kann der K\u00fcchenofen 235 m\u00b3 Raumvolumen beheizen. N\u00fctzliche Details wie die Aussparung f\u00fcr ein Wasserschiff, das in der Backfacht\u00fcr integrierte Thermometer, das Warmhaltefach unter dem Backfach und die umlaufende Reling vervollst\u00e4ndigen den Ofen. Dank seines zeitlos sch\u00f6nen Designs bereichert er jede K\u00fccheneinrichtung.<\/p>\n","protected":false},"excerpt":{"rendered":"<p><img decoding=\"async\" class=\"alignnone size-full wp-image-20521\" src=\"http:\/\/spectrumsolar.nl\/wp-content\/uploads\/2023\/05\/Energielabels_0001_Laag-5.png\" alt=\"\" width=\"83\" height=\"36\" \/><\/p>\n","protected":false},"featured_media":13515,"template":"","meta":[],"product_brand":[],"product_cat":[101],"product_tag":[],"class_list":{"0":"post-13516","1":"product","2":"type-product","3":"status-publish","4":"has-post-thumbnail","6":"product_cat-holzofen","7":"product_shipping_class-dgo-transporteur","8":"pa_anschluss-des-ofens-oben-und-hinten","9":"pa_breite-1030-mm","10":"pa_externe-luftzufuhr-ja-mit-externem-adapter","11":"pa_externe-luftzufuhr-nein-ohne-adapter","12":"pa_feuer-ansicht-font","13":"pa_gewicht-183-kg","14":"pa_hoehe-851-mm","15":"pa_marke-la-nordica","16":"pa_nennleistung-82-kw","17":"pa_rauchrohranschluss-150-mm","18":"pa_tiefe-650-mm","19":"pa_typ-des-ofens-kochen","20":"pa_verkleidung-keramik","21":"pa_wirkungsgrad-86-5","23":"first","24":"outofstock","25":"taxable","26":"shipping-taxable","27":"product-type-simple"},"yoast_head":"<!-- This site is optimized with the Yoast SEO plugin v26.8 - https:\/\/yoast.com\/product\/yoast-seo-wordpress\/ -->\n<title>La Nordica Rosa Sinistra Reverse Liberty Bordeaux | 123-Kaminofen<\/title>\n<meta name=\"description\" content=\"Sie suchen einen La Nordica Rosa Sinistra Reverse Liberty Bordeaux? Dann werden Sie bei 123-Kaminofen f\u00fcndig. Der Experte f\u00fcr Nachhaltigkeit. Entdecken Sie jetzt unsere Angebote.\" \/>\n<meta name=\"robots\" content=\"index, follow, max-snippet:-1, max-image-preview:large, max-video-preview:-1\" \/>\n<link rel=\"canonical\" href=\"https:\/\/www.123-kaminofen.de\/deutsch\/produkt\/la-nordica-rosa-sinistra-reverse-liberty-bordeaux\/\" \/>\n<meta property=\"og:locale\" content=\"de_DE\" \/>\n<meta property=\"og:type\" content=\"article\" \/>\n<meta property=\"og:title\" content=\"La Nordica Rosa Sinistra Reverse Liberty Bordeaux | 123-Kaminofen\" \/>\n<meta property=\"og:description\" content=\"Sie suchen einen La Nordica Rosa Sinistra Reverse Liberty Bordeaux? Dann werden Sie bei 123-Kaminofen f\u00fcndig. Der Experte f\u00fcr Nachhaltigkeit. Entdecken Sie jetzt unsere Angebote.\" \/>\n<meta property=\"og:url\" content=\"https:\/\/www.123-kaminofen.de\/deutsch\/produkt\/la-nordica-rosa-sinistra-reverse-liberty-bordeaux\/\" \/>\n<meta property=\"og:site_name\" content=\"123-Kaminofen\" \/>\n<meta property=\"article:publisher\" content=\"https:\/\/www.facebook.com\/123kaminofen\" \/>\n<meta property=\"article:modified_time\" content=\"2024-07-24T11:55:37+00:00\" \/>\n<meta property=\"og:image\" content=\"https:\/\/www.123-kaminofen.de\/deutsch\/wp-content\/uploads\/2023\/06\/rosasinistrareverse_libertybo_boxprinc-min.jpg\" \/>\n\t<meta property=\"og:image:width\" content=\"582\" \/>\n\t<meta property=\"og:image:height\" content=\"542\" \/>\n\t<meta property=\"og:image:type\" content=\"image\/jpeg\" \/>\n<meta name=\"twitter:card\" content=\"summary_large_image\" \/>\n<meta name=\"twitter:label1\" content=\"Gesch\u00e4tzte Lesezeit\" \/>\n\t<meta name=\"twitter:data1\" content=\"1\u00a0Minute\" \/>\n<script type=\"application\/ld+json\" class=\"yoast-schema-graph\">{\"@context\":\"https:\/\/schema.org\",\"@graph\":[{\"@type\":\"WebPage\",\"@id\":\"https:\/\/www.123-kaminofen.de\/deutsch\/produkt\/la-nordica-rosa-sinistra-reverse-liberty-bordeaux\/\",\"url\":\"https:\/\/www.123-kaminofen.de\/deutsch\/produkt\/la-nordica-rosa-sinistra-reverse-liberty-bordeaux\/\",\"name\":\"La Nordica Rosa Sinistra Reverse Liberty Bordeaux | 123-Kaminofen\",\"isPartOf\":{\"@id\":\"https:\/\/www.123-kaminofen.de\/deutsch\/#website\"},\"primaryImageOfPage\":{\"@id\":\"https:\/\/www.123-kaminofen.de\/deutsch\/produkt\/la-nordica-rosa-sinistra-reverse-liberty-bordeaux\/#primaryimage\"},\"image\":{\"@id\":\"https:\/\/www.123-kaminofen.de\/deutsch\/produkt\/la-nordica-rosa-sinistra-reverse-liberty-bordeaux\/#primaryimage\"},\"thumbnailUrl\":\"https:\/\/www.123-kaminofen.de\/deutsch\/wp-content\/uploads\/2023\/06\/rosasinistrareverse_libertybo_boxprinc-min.jpg\",\"datePublished\":\"2023-06-27T09:19:32+00:00\",\"dateModified\":\"2024-07-24T11:55:37+00:00\",\"description\":\"Sie suchen einen La Nordica Rosa Sinistra Reverse Liberty Bordeaux? Dann werden Sie bei 123-Kaminofen f\u00fcndig. Der Experte f\u00fcr Nachhaltigkeit. Entdecken Sie jetzt unsere Angebote.\",\"breadcrumb\":{\"@id\":\"https:\/\/www.123-kaminofen.de\/deutsch\/produkt\/la-nordica-rosa-sinistra-reverse-liberty-bordeaux\/#breadcrumb\"},\"inLanguage\":\"de\",\"potentialAction\":[{\"@type\":\"ReadAction\",\"target\":[\"https:\/\/www.123-kaminofen.de\/deutsch\/produkt\/la-nordica-rosa-sinistra-reverse-liberty-bordeaux\/\"]}]},{\"@type\":\"ImageObject\",\"inLanguage\":\"de\",\"@id\":\"https:\/\/www.123-kaminofen.de\/deutsch\/produkt\/la-nordica-rosa-sinistra-reverse-liberty-bordeaux\/#primaryimage\",\"url\":\"https:\/\/www.123-kaminofen.de\/deutsch\/wp-content\/uploads\/2023\/06\/rosasinistrareverse_libertybo_boxprinc-min.jpg\",\"contentUrl\":\"https:\/\/www.123-kaminofen.de\/deutsch\/wp-content\/uploads\/2023\/06\/rosasinistrareverse_libertybo_boxprinc-min.jpg\",\"width\":582,\"height\":542},{\"@type\":\"BreadcrumbList\",\"@id\":\"https:\/\/www.123-kaminofen.de\/deutsch\/produkt\/la-nordica-rosa-sinistra-reverse-liberty-bordeaux\/#breadcrumb\",\"itemListElement\":[{\"@type\":\"ListItem\",\"position\":1,\"name\":\"Home\",\"item\":\"https:\/\/www.123-kaminofen.de\/deutsch\/\"},{\"@type\":\"ListItem\",\"position\":2,\"name\":\"Webshop\",\"item\":\"https:\/\/www.123-kaminofen.de\/deutsch\/winkel\/\"},{\"@type\":\"ListItem\",\"position\":3,\"name\":\"La Nordica Rosa Sinistra Reverse Liberty Bordeaux\"}]},{\"@type\":\"WebSite\",\"@id\":\"https:\/\/www.123-kaminofen.de\/deutsch\/#website\",\"url\":\"https:\/\/www.123-kaminofen.de\/deutsch\/\",\"name\":\"123-Kaminofen\",\"description\":\"\",\"publisher\":{\"@id\":\"https:\/\/www.123-kaminofen.de\/deutsch\/#organization\"},\"potentialAction\":[{\"@type\":\"SearchAction\",\"target\":{\"@type\":\"EntryPoint\",\"urlTemplate\":\"https:\/\/www.123-kaminofen.de\/deutsch\/?s={search_term_string}\"},\"query-input\":{\"@type\":\"PropertyValueSpecification\",\"valueRequired\":true,\"valueName\":\"search_term_string\"}}],\"inLanguage\":\"de\"},{\"@type\":\"Organization\",\"@id\":\"https:\/\/www.123-kaminofen.de\/deutsch\/#organization\",\"name\":\"Handelsbetrieb Bakker\",\"alternateName\":\"123-Kaminofen\",\"url\":\"https:\/\/www.123-kaminofen.de\/deutsch\/\",\"logo\":{\"@type\":\"ImageObject\",\"inLanguage\":\"de\",\"@id\":\"https:\/\/www.123-kaminofen.de\/deutsch\/#\/schema\/logo\/image\/\",\"url\":\"https:\/\/www.spectrumsolar.nl\/deutsch\/wp-content\/uploads\/2023\/04\/123-Kaminofen.png\",\"contentUrl\":\"https:\/\/www.spectrumsolar.nl\/deutsch\/wp-content\/uploads\/2023\/04\/123-Kaminofen.png\",\"width\":1447,\"height\":221,\"caption\":\"Handelsbetrieb Bakker\"},\"image\":{\"@id\":\"https:\/\/www.123-kaminofen.de\/deutsch\/#\/schema\/logo\/image\/\"},\"sameAs\":[\"https:\/\/www.facebook.com\/123kaminofen\",\"https:\/\/instagram.com\/123kaminofen\"]}]}<\/script>\n<!-- \/ Yoast SEO plugin. -->","yoast_head_json":{"title":"La Nordica Rosa Sinistra Reverse Liberty Bordeaux | 123-Kaminofen","description":"Sie suchen einen La Nordica Rosa Sinistra Reverse Liberty Bordeaux? Dann werden Sie bei 123-Kaminofen f\u00fcndig. Der Experte f\u00fcr Nachhaltigkeit. Entdecken Sie jetzt unsere Angebote.","robots":{"index":"index","follow":"follow","max-snippet":"max-snippet:-1","max-image-preview":"max-image-preview:large","max-video-preview":"max-video-preview:-1"},"canonical":"https:\/\/www.123-kaminofen.de\/deutsch\/produkt\/la-nordica-rosa-sinistra-reverse-liberty-bordeaux\/","og_locale":"de_DE","og_type":"article","og_title":"La Nordica Rosa Sinistra Reverse Liberty Bordeaux | 123-Kaminofen","og_description":"Sie suchen einen La Nordica Rosa Sinistra Reverse Liberty Bordeaux? Dann werden Sie bei 123-Kaminofen f\u00fcndig. Der Experte f\u00fcr Nachhaltigkeit. Entdecken Sie jetzt unsere Angebote.","og_url":"https:\/\/www.123-kaminofen.de\/deutsch\/produkt\/la-nordica-rosa-sinistra-reverse-liberty-bordeaux\/","og_site_name":"123-Kaminofen","article_publisher":"https:\/\/www.facebook.com\/123kaminofen","article_modified_time":"2024-07-24T11:55:37+00:00","og_image":[{"width":582,"height":542,"url":"https:\/\/www.123-kaminofen.de\/deutsch\/wp-content\/uploads\/2023\/06\/rosasinistrareverse_libertybo_boxprinc-min.jpg","type":"image\/jpeg"}],"twitter_card":"summary_large_image","twitter_misc":{"Gesch\u00e4tzte Lesezeit":"1\u00a0Minute"},"schema":{"@context":"https:\/\/schema.org","@graph":[{"@type":"WebPage","@id":"https:\/\/www.123-kaminofen.de\/deutsch\/produkt\/la-nordica-rosa-sinistra-reverse-liberty-bordeaux\/","url":"https:\/\/www.123-kaminofen.de\/deutsch\/produkt\/la-nordica-rosa-sinistra-reverse-liberty-bordeaux\/","name":"La Nordica Rosa Sinistra Reverse Liberty Bordeaux | 123-Kaminofen","isPartOf":{"@id":"https:\/\/www.123-kaminofen.de\/deutsch\/#website"},"primaryImageOfPage":{"@id":"https:\/\/www.123-kaminofen.de\/deutsch\/produkt\/la-nordica-rosa-sinistra-reverse-liberty-bordeaux\/#primaryimage"},"image":{"@id":"https:\/\/www.123-kaminofen.de\/deutsch\/produkt\/la-nordica-rosa-sinistra-reverse-liberty-bordeaux\/#primaryimage"},"thumbnailUrl":"https:\/\/www.123-kaminofen.de\/deutsch\/wp-content\/uploads\/2023\/06\/rosasinistrareverse_libertybo_boxprinc-min.jpg","datePublished":"2023-06-27T09:19:32+00:00","dateModified":"2024-07-24T11:55:37+00:00","description":"Sie suchen einen La Nordica Rosa Sinistra Reverse Liberty Bordeaux? Dann werden Sie bei 123-Kaminofen f\u00fcndig. Der Experte f\u00fcr Nachhaltigkeit. Entdecken Sie jetzt unsere Angebote.","breadcrumb":{"@id":"https:\/\/www.123-kaminofen.de\/deutsch\/produkt\/la-nordica-rosa-sinistra-reverse-liberty-bordeaux\/#breadcrumb"},"inLanguage":"de","potentialAction":[{"@type":"ReadAction","target":["https:\/\/www.123-kaminofen.de\/deutsch\/produkt\/la-nordica-rosa-sinistra-reverse-liberty-bordeaux\/"]}]},{"@type":"ImageObject","inLanguage":"de","@id":"https:\/\/www.123-kaminofen.de\/deutsch\/produkt\/la-nordica-rosa-sinistra-reverse-liberty-bordeaux\/#primaryimage","url":"https:\/\/www.123-kaminofen.de\/deutsch\/wp-content\/uploads\/2023\/06\/rosasinistrareverse_libertybo_boxprinc-min.jpg","contentUrl":"https:\/\/www.123-kaminofen.de\/deutsch\/wp-content\/uploads\/2023\/06\/rosasinistrareverse_libertybo_boxprinc-min.jpg","width":582,"height":542},{"@type":"BreadcrumbList","@id":"https:\/\/www.123-kaminofen.de\/deutsch\/produkt\/la-nordica-rosa-sinistra-reverse-liberty-bordeaux\/#breadcrumb","itemListElement":[{"@type":"ListItem","position":1,"name":"Home","item":"https:\/\/www.123-kaminofen.de\/deutsch\/"},{"@type":"ListItem","position":2,"name":"Webshop","item":"https:\/\/www.123-kaminofen.de\/deutsch\/winkel\/"},{"@type":"ListItem","position":3,"name":"La Nordica Rosa Sinistra Reverse Liberty Bordeaux"}]},{"@type":"WebSite","@id":"https:\/\/www.123-kaminofen.de\/deutsch\/#website","url":"https:\/\/www.123-kaminofen.de\/deutsch\/","name":"123-Kaminofen","description":"","publisher":{"@id":"https:\/\/www.123-kaminofen.de\/deutsch\/#organization"},"potentialAction":[{"@type":"SearchAction","target":{"@type":"EntryPoint","urlTemplate":"https:\/\/www.123-kaminofen.de\/deutsch\/?s={search_term_string}"},"query-input":{"@type":"PropertyValueSpecification","valueRequired":true,"valueName":"search_term_string"}}],"inLanguage":"de"},{"@type":"Organization","@id":"https:\/\/www.123-kaminofen.de\/deutsch\/#organization","name":"Handelsbetrieb Bakker","alternateName":"123-Kaminofen","url":"https:\/\/www.123-kaminofen.de\/deutsch\/","logo":{"@type":"ImageObject","inLanguage":"de","@id":"https:\/\/www.123-kaminofen.de\/deutsch\/#\/schema\/logo\/image\/","url":"https:\/\/www.spectrumsolar.nl\/deutsch\/wp-content\/uploads\/2023\/04\/123-Kaminofen.png","contentUrl":"https:\/\/www.spectrumsolar.nl\/deutsch\/wp-content\/uploads\/2023\/04\/123-Kaminofen.png","width":1447,"height":221,"caption":"Handelsbetrieb Bakker"},"image":{"@id":"https:\/\/www.123-kaminofen.de\/deutsch\/#\/schema\/logo\/image\/"},"sameAs":["https:\/\/www.facebook.com\/123kaminofen","https:\/\/instagram.com\/123kaminofen"]}]}},"_links":{"self":[{"href":"https:\/\/www.123-kaminofen.de\/deutsch\/wp-json\/wp\/v2\/product\/13516","targetHints":{"allow":["GET"]}}],"collection":[{"href":"https:\/\/www.123-kaminofen.de\/deutsch\/wp-json\/wp\/v2\/product"}],"about":[{"href":"https:\/\/www.123-kaminofen.de\/deutsch\/wp-json\/wp\/v2\/types\/product"}],"version-history":[{"count":3,"href":"https:\/\/www.123-kaminofen.de\/deutsch\/wp-json\/wp\/v2\/product\/13516\/revisions"}],"predecessor-version":[{"id":27795,"href":"https:\/\/www.123-kaminofen.de\/deutsch\/wp-json\/wp\/v2\/product\/13516\/revisions\/27795"}],"wp:featuredmedia":[{"embeddable":true,"href":"https:\/\/www.123-kaminofen.de\/deutsch\/wp-json\/wp\/v2\/media\/13515"}],"wp:attachment":[{"href":"https:\/\/www.123-kaminofen.de\/deutsch\/wp-json\/wp\/v2\/media?parent=13516"}],"wp:term":[{"taxonomy":"product_brand","embeddable":true,"href":"https:\/\/www.123-kaminofen.de\/deutsch\/wp-json\/wp\/v2\/product_brand?post=13516"},{"taxonomy":"product_cat","embeddable":true,"href":"https:\/\/www.123-kaminofen.de\/deutsch\/wp-json\/wp\/v2\/product_cat?post=13516"},{"taxonomy":"product_tag","embeddable":true,"href":"https:\/\/www.123-kaminofen.de\/deutsch\/wp-json\/wp\/v2\/product_tag?post=13516"}],"curies":[{"name":"wp","href":"https:\/\/api.w.org\/{rel}","templated":true}]}}