{"id":14566,"date":"2023-07-11T14:52:15","date_gmt":"2023-07-11T12:52:15","guid":{"rendered":"http:\/\/spectrumsolar.nl\/product\/justus-bavaria-ahorn-wit-met-sokkel\/"},"modified":"2025-02-06T12:06:17","modified_gmt":"2025-02-06T11:06:17","slug":"justus-bavaria-ahorn-weiss-mit-sockel","status":"publish","type":"product","link":"https:\/\/www.123-kaminofen.de\/deutsch\/produkt\/justus-bavaria-ahorn-weiss-mit-sockel\/","title":{"rendered":"Justus Bavaria Ahorn Wei\u00df mit Sockel"},"content":{"rendered":"<h2>\u00a0Justus Bavaria Ahorn Wei\u00df<\/h2>\n<p>Justus Kachelofen Bavaria wei\u00df &#8211; Der stilvolle Zeitbrandofen f\u00fcr gem\u00fctliche Stunden<br \/>\nMit dem Justus Kachelofen Bavaria in Ahornwei\u00df holen Sie sich ein echtes Schmuckst\u00fcck in Ihr Wohnzimmer. Der Ofen \u00fcberzeugt nicht nur durch sein ansprechendes Design, sondern auch durch seine hohe Nennw\u00e4rmeleistung von 7 kW und das Raumheizverm\u00f6gen von 144 m\u00b3. Genie\u00dfen Sie gem\u00fctliche Stunden vor einem w\u00e4rmenden Feuer und lassen Sie den Alltag hinter sich.<\/p>\n<p>Produktdetails des Justus Kachelofens Bavaria wei\u00df<br \/>\n&#8211; Grundfarbe: Wei\u00df mit Ahornwei\u00dfer Verkleidung aus Keramik inklusive Sockel<br \/>\n&#8211; Nennw\u00e4rmeleistung (kW): 7<br \/>\n&#8211; Raumheizverm\u00f6gen (m\u00b3): 144<br \/>\n&#8211; Brennstoff: Holzbriketts, Holzkohle, Scheitholz und Braunkohlebriketts bis zu einer L\u00e4nge von 33 cm<br \/>\n&#8211; Rohranschluss: oben\/hinten mit einem Rohrdurchmesser von \u00d8150 mm<br \/>\n&#8211; Gewicht pro St\u00fcck (kg): 165 netto \/170 brutto kg inklusive Abdeckplatte, Aschekasten, Scheibensp\u00fclung und Flachrost sowie Selbstreinigender Scheibe|Holzfach Ausstattung<br \/>\n&#8211; Verkleidungselemente: Seitenteile, Topplatte aus Keramik inklusive Sockel<br \/>\n&#8211; Material Innenverkleidung: Vermiculit-Platten im Feuerraum sowie Gusseinlegegitter als Abdeckung<br \/>\n&#8211; Sicherheitsabstand hinten\/seitlich\/vorne (cm): 20\/200\/80<br \/>\n&#8211; Erforderlicher F\u00f6rderdruck bei NWL: 12 Pa<br \/>\n&#8211; Energieeffizienzklasse Skala A++ bis G : A+<br \/>\nF\u00fcr wen eignet sich der Justus Kachelofen Bavaria?<br \/>\nDer Justus Kachelofen Bavaria ist ideal f\u00fcr die auf der Suche nach einem stilvollen Zeitbrandofen sind. Besonders geeignet ist er f\u00fcr Wohnr\u00e4ume mit einer Gr\u00f6\u00dfe von bis zu 144 m\u00b3.<\/p>\n<p>&nbsp;<\/p>\n","protected":false},"excerpt":{"rendered":"<p><img decoding=\"async\" class=\"alignnone size-full wp-image-20521\" src=\"http:\/\/spectrumsolar.nl\/wp-content\/uploads\/2023\/05\/Energielabels_0000_Laag-6.png\" alt=\"\" width=\"83\" height=\"36\" \/><\/p>\n","protected":false},"featured_media":14561,"template":"","meta":[],"product_brand":[],"product_cat":[101],"product_tag":[],"class_list":{"0":"post-14566","1":"product","2":"type-product","3":"status-publish","4":"has-post-thumbnail","6":"product_cat-holzofen","7":"product_shipping_class-dgo-transporteur","8":"pa_anschluss-des-ofens-oben-und-hinten","9":"pa_breite-766-mm","10":"pa_feuer-ansicht-font","11":"pa_gewicht-170-kg","12":"pa_hoehe-1000-mm","13":"pa_marke-justus","14":"pa_nennleistung-7-kw","15":"pa_rauchrohranschluss-150-mm","16":"pa_tiefe-450-mm","17":"pa_typ-des-ofens-freistehend","18":"pa_verkleidung-keramik","19":"pa_wirkungsgrad-156","21":"first","22":"instock","23":"sale","24":"taxable","25":"shipping-taxable","26":"purchasable","27":"product-type-simple"},"yoast_head":"<!-- This site is optimized with the Yoast SEO plugin v26.8 - https:\/\/yoast.com\/product\/yoast-seo-wordpress\/ -->\n<title>Justus Bavaria Ahorn Wei\u00df mit Sockel | 123-Kaminofen<\/title>\n<meta name=\"description\" content=\"Sie suchen einen Justus Bavaria Ahorn Wei\u00df mit Sockel? Dann werden Sie bei 123-Kaminofen f\u00fcndig. Der Experte f\u00fcr Nachhaltigkeit. Entdecken Sie jetzt unsere Angebote.\" \/>\n<meta name=\"robots\" content=\"index, follow, max-snippet:-1, max-image-preview:large, max-video-preview:-1\" \/>\n<link rel=\"canonical\" href=\"https:\/\/www.123-kaminofen.de\/deutsch\/produkt\/justus-bavaria-ahorn-weiss-mit-sockel\/\" \/>\n<meta property=\"og:locale\" content=\"de_DE\" \/>\n<meta property=\"og:type\" content=\"article\" \/>\n<meta property=\"og:title\" content=\"Justus Bavaria Ahorn Wei\u00df mit Sockel | 123-Kaminofen\" \/>\n<meta property=\"og:description\" content=\"Sie suchen einen Justus Bavaria Ahorn Wei\u00df mit Sockel? Dann werden Sie bei 123-Kaminofen f\u00fcndig. Der Experte f\u00fcr Nachhaltigkeit. Entdecken Sie jetzt unsere Angebote.\" \/>\n<meta property=\"og:url\" content=\"https:\/\/www.123-kaminofen.de\/deutsch\/produkt\/justus-bavaria-ahorn-weiss-mit-sockel\/\" \/>\n<meta property=\"og:site_name\" content=\"123-Kaminofen\" \/>\n<meta property=\"article:publisher\" content=\"https:\/\/www.facebook.com\/123kaminofen\" \/>\n<meta property=\"article:modified_time\" content=\"2025-02-06T11:06:17+00:00\" \/>\n<meta property=\"og:image\" content=\"https:\/\/www.123-kaminofen.de\/deutsch\/wp-content\/uploads\/2023\/07\/Justus_0004_wit.jpg\" \/>\n\t<meta property=\"og:image:width\" content=\"800\" \/>\n\t<meta property=\"og:image:height\" content=\"800\" \/>\n\t<meta property=\"og:image:type\" content=\"image\/jpeg\" \/>\n<meta name=\"twitter:card\" content=\"summary_large_image\" \/>\n<meta name=\"twitter:label1\" content=\"Gesch\u00e4tzte Lesezeit\" \/>\n\t<meta name=\"twitter:data1\" content=\"2\u00a0Minuten\" \/>\n<script type=\"application\/ld+json\" class=\"yoast-schema-graph\">{\"@context\":\"https:\/\/schema.org\",\"@graph\":[{\"@type\":\"WebPage\",\"@id\":\"https:\/\/www.123-kaminofen.de\/deutsch\/produkt\/justus-bavaria-ahorn-weiss-mit-sockel\/\",\"url\":\"https:\/\/www.123-kaminofen.de\/deutsch\/produkt\/justus-bavaria-ahorn-weiss-mit-sockel\/\",\"name\":\"Justus Bavaria Ahorn Wei\u00df mit Sockel | 123-Kaminofen\",\"isPartOf\":{\"@id\":\"https:\/\/www.123-kaminofen.de\/deutsch\/#website\"},\"primaryImageOfPage\":{\"@id\":\"https:\/\/www.123-kaminofen.de\/deutsch\/produkt\/justus-bavaria-ahorn-weiss-mit-sockel\/#primaryimage\"},\"image\":{\"@id\":\"https:\/\/www.123-kaminofen.de\/deutsch\/produkt\/justus-bavaria-ahorn-weiss-mit-sockel\/#primaryimage\"},\"thumbnailUrl\":\"https:\/\/www.123-kaminofen.de\/deutsch\/wp-content\/uploads\/2023\/07\/Justus_0004_wit.jpg\",\"datePublished\":\"2023-07-11T12:52:15+00:00\",\"dateModified\":\"2025-02-06T11:06:17+00:00\",\"description\":\"Sie suchen einen Justus Bavaria Ahorn Wei\u00df mit Sockel? Dann werden Sie bei 123-Kaminofen f\u00fcndig. Der Experte f\u00fcr Nachhaltigkeit. Entdecken Sie jetzt unsere Angebote.\",\"breadcrumb\":{\"@id\":\"https:\/\/www.123-kaminofen.de\/deutsch\/produkt\/justus-bavaria-ahorn-weiss-mit-sockel\/#breadcrumb\"},\"inLanguage\":\"de\",\"potentialAction\":[{\"@type\":\"ReadAction\",\"target\":[\"https:\/\/www.123-kaminofen.de\/deutsch\/produkt\/justus-bavaria-ahorn-weiss-mit-sockel\/\"]}]},{\"@type\":\"ImageObject\",\"inLanguage\":\"de\",\"@id\":\"https:\/\/www.123-kaminofen.de\/deutsch\/produkt\/justus-bavaria-ahorn-weiss-mit-sockel\/#primaryimage\",\"url\":\"https:\/\/www.123-kaminofen.de\/deutsch\/wp-content\/uploads\/2023\/07\/Justus_0004_wit.jpg\",\"contentUrl\":\"https:\/\/www.123-kaminofen.de\/deutsch\/wp-content\/uploads\/2023\/07\/Justus_0004_wit.jpg\",\"width\":800,\"height\":800},{\"@type\":\"BreadcrumbList\",\"@id\":\"https:\/\/www.123-kaminofen.de\/deutsch\/produkt\/justus-bavaria-ahorn-weiss-mit-sockel\/#breadcrumb\",\"itemListElement\":[{\"@type\":\"ListItem\",\"position\":1,\"name\":\"Home\",\"item\":\"https:\/\/www.123-kaminofen.de\/deutsch\/\"},{\"@type\":\"ListItem\",\"position\":2,\"name\":\"Webshop\",\"item\":\"https:\/\/www.123-kaminofen.de\/deutsch\/winkel\/\"},{\"@type\":\"ListItem\",\"position\":3,\"name\":\"Justus Bavaria Ahorn Wei\u00df mit Sockel\"}]},{\"@type\":\"WebSite\",\"@id\":\"https:\/\/www.123-kaminofen.de\/deutsch\/#website\",\"url\":\"https:\/\/www.123-kaminofen.de\/deutsch\/\",\"name\":\"123-Kaminofen\",\"description\":\"\",\"publisher\":{\"@id\":\"https:\/\/www.123-kaminofen.de\/deutsch\/#organization\"},\"potentialAction\":[{\"@type\":\"SearchAction\",\"target\":{\"@type\":\"EntryPoint\",\"urlTemplate\":\"https:\/\/www.123-kaminofen.de\/deutsch\/?s={search_term_string}\"},\"query-input\":{\"@type\":\"PropertyValueSpecification\",\"valueRequired\":true,\"valueName\":\"search_term_string\"}}],\"inLanguage\":\"de\"},{\"@type\":\"Organization\",\"@id\":\"https:\/\/www.123-kaminofen.de\/deutsch\/#organization\",\"name\":\"Handelsbetrieb Bakker\",\"alternateName\":\"123-Kaminofen\",\"url\":\"https:\/\/www.123-kaminofen.de\/deutsch\/\",\"logo\":{\"@type\":\"ImageObject\",\"inLanguage\":\"de\",\"@id\":\"https:\/\/www.123-kaminofen.de\/deutsch\/#\/schema\/logo\/image\/\",\"url\":\"https:\/\/www.spectrumsolar.nl\/deutsch\/wp-content\/uploads\/2023\/04\/123-Kaminofen.png\",\"contentUrl\":\"https:\/\/www.spectrumsolar.nl\/deutsch\/wp-content\/uploads\/2023\/04\/123-Kaminofen.png\",\"width\":1447,\"height\":221,\"caption\":\"Handelsbetrieb Bakker\"},\"image\":{\"@id\":\"https:\/\/www.123-kaminofen.de\/deutsch\/#\/schema\/logo\/image\/\"},\"sameAs\":[\"https:\/\/www.facebook.com\/123kaminofen\",\"https:\/\/instagram.com\/123kaminofen\"]}]}<\/script>\n<!-- \/ Yoast SEO plugin. -->","yoast_head_json":{"title":"Justus Bavaria Ahorn Wei\u00df mit Sockel | 123-Kaminofen","description":"Sie suchen einen Justus Bavaria Ahorn Wei\u00df mit Sockel? Dann werden Sie bei 123-Kaminofen f\u00fcndig. Der Experte f\u00fcr Nachhaltigkeit. Entdecken Sie jetzt unsere Angebote.","robots":{"index":"index","follow":"follow","max-snippet":"max-snippet:-1","max-image-preview":"max-image-preview:large","max-video-preview":"max-video-preview:-1"},"canonical":"https:\/\/www.123-kaminofen.de\/deutsch\/produkt\/justus-bavaria-ahorn-weiss-mit-sockel\/","og_locale":"de_DE","og_type":"article","og_title":"Justus Bavaria Ahorn Wei\u00df mit Sockel | 123-Kaminofen","og_description":"Sie suchen einen Justus Bavaria Ahorn Wei\u00df mit Sockel? Dann werden Sie bei 123-Kaminofen f\u00fcndig. Der Experte f\u00fcr Nachhaltigkeit. Entdecken Sie jetzt unsere Angebote.","og_url":"https:\/\/www.123-kaminofen.de\/deutsch\/produkt\/justus-bavaria-ahorn-weiss-mit-sockel\/","og_site_name":"123-Kaminofen","article_publisher":"https:\/\/www.facebook.com\/123kaminofen","article_modified_time":"2025-02-06T11:06:17+00:00","og_image":[{"width":800,"height":800,"url":"https:\/\/www.123-kaminofen.de\/deutsch\/wp-content\/uploads\/2023\/07\/Justus_0004_wit.jpg","type":"image\/jpeg"}],"twitter_card":"summary_large_image","twitter_misc":{"Gesch\u00e4tzte Lesezeit":"2\u00a0Minuten"},"schema":{"@context":"https:\/\/schema.org","@graph":[{"@type":"WebPage","@id":"https:\/\/www.123-kaminofen.de\/deutsch\/produkt\/justus-bavaria-ahorn-weiss-mit-sockel\/","url":"https:\/\/www.123-kaminofen.de\/deutsch\/produkt\/justus-bavaria-ahorn-weiss-mit-sockel\/","name":"Justus Bavaria Ahorn Wei\u00df mit Sockel | 123-Kaminofen","isPartOf":{"@id":"https:\/\/www.123-kaminofen.de\/deutsch\/#website"},"primaryImageOfPage":{"@id":"https:\/\/www.123-kaminofen.de\/deutsch\/produkt\/justus-bavaria-ahorn-weiss-mit-sockel\/#primaryimage"},"image":{"@id":"https:\/\/www.123-kaminofen.de\/deutsch\/produkt\/justus-bavaria-ahorn-weiss-mit-sockel\/#primaryimage"},"thumbnailUrl":"https:\/\/www.123-kaminofen.de\/deutsch\/wp-content\/uploads\/2023\/07\/Justus_0004_wit.jpg","datePublished":"2023-07-11T12:52:15+00:00","dateModified":"2025-02-06T11:06:17+00:00","description":"Sie suchen einen Justus Bavaria Ahorn Wei\u00df mit Sockel? Dann werden Sie bei 123-Kaminofen f\u00fcndig. Der Experte f\u00fcr Nachhaltigkeit. Entdecken Sie jetzt unsere Angebote.","breadcrumb":{"@id":"https:\/\/www.123-kaminofen.de\/deutsch\/produkt\/justus-bavaria-ahorn-weiss-mit-sockel\/#breadcrumb"},"inLanguage":"de","potentialAction":[{"@type":"ReadAction","target":["https:\/\/www.123-kaminofen.de\/deutsch\/produkt\/justus-bavaria-ahorn-weiss-mit-sockel\/"]}]},{"@type":"ImageObject","inLanguage":"de","@id":"https:\/\/www.123-kaminofen.de\/deutsch\/produkt\/justus-bavaria-ahorn-weiss-mit-sockel\/#primaryimage","url":"https:\/\/www.123-kaminofen.de\/deutsch\/wp-content\/uploads\/2023\/07\/Justus_0004_wit.jpg","contentUrl":"https:\/\/www.123-kaminofen.de\/deutsch\/wp-content\/uploads\/2023\/07\/Justus_0004_wit.jpg","width":800,"height":800},{"@type":"BreadcrumbList","@id":"https:\/\/www.123-kaminofen.de\/deutsch\/produkt\/justus-bavaria-ahorn-weiss-mit-sockel\/#breadcrumb","itemListElement":[{"@type":"ListItem","position":1,"name":"Home","item":"https:\/\/www.123-kaminofen.de\/deutsch\/"},{"@type":"ListItem","position":2,"name":"Webshop","item":"https:\/\/www.123-kaminofen.de\/deutsch\/winkel\/"},{"@type":"ListItem","position":3,"name":"Justus Bavaria Ahorn Wei\u00df mit Sockel"}]},{"@type":"WebSite","@id":"https:\/\/www.123-kaminofen.de\/deutsch\/#website","url":"https:\/\/www.123-kaminofen.de\/deutsch\/","name":"123-Kaminofen","description":"","publisher":{"@id":"https:\/\/www.123-kaminofen.de\/deutsch\/#organization"},"potentialAction":[{"@type":"SearchAction","target":{"@type":"EntryPoint","urlTemplate":"https:\/\/www.123-kaminofen.de\/deutsch\/?s={search_term_string}"},"query-input":{"@type":"PropertyValueSpecification","valueRequired":true,"valueName":"search_term_string"}}],"inLanguage":"de"},{"@type":"Organization","@id":"https:\/\/www.123-kaminofen.de\/deutsch\/#organization","name":"Handelsbetrieb Bakker","alternateName":"123-Kaminofen","url":"https:\/\/www.123-kaminofen.de\/deutsch\/","logo":{"@type":"ImageObject","inLanguage":"de","@id":"https:\/\/www.123-kaminofen.de\/deutsch\/#\/schema\/logo\/image\/","url":"https:\/\/www.spectrumsolar.nl\/deutsch\/wp-content\/uploads\/2023\/04\/123-Kaminofen.png","contentUrl":"https:\/\/www.spectrumsolar.nl\/deutsch\/wp-content\/uploads\/2023\/04\/123-Kaminofen.png","width":1447,"height":221,"caption":"Handelsbetrieb Bakker"},"image":{"@id":"https:\/\/www.123-kaminofen.de\/deutsch\/#\/schema\/logo\/image\/"},"sameAs":["https:\/\/www.facebook.com\/123kaminofen","https:\/\/instagram.com\/123kaminofen"]}]}},"_links":{"self":[{"href":"https:\/\/www.123-kaminofen.de\/deutsch\/wp-json\/wp\/v2\/product\/14566","targetHints":{"allow":["GET"]}}],"collection":[{"href":"https:\/\/www.123-kaminofen.de\/deutsch\/wp-json\/wp\/v2\/product"}],"about":[{"href":"https:\/\/www.123-kaminofen.de\/deutsch\/wp-json\/wp\/v2\/types\/product"}],"version-history":[{"count":2,"href":"https:\/\/www.123-kaminofen.de\/deutsch\/wp-json\/wp\/v2\/product\/14566\/revisions"}],"predecessor-version":[{"id":27270,"href":"https:\/\/www.123-kaminofen.de\/deutsch\/wp-json\/wp\/v2\/product\/14566\/revisions\/27270"}],"wp:featuredmedia":[{"embeddable":true,"href":"https:\/\/www.123-kaminofen.de\/deutsch\/wp-json\/wp\/v2\/media\/14561"}],"wp:attachment":[{"href":"https:\/\/www.123-kaminofen.de\/deutsch\/wp-json\/wp\/v2\/media?parent=14566"}],"wp:term":[{"taxonomy":"product_brand","embeddable":true,"href":"https:\/\/www.123-kaminofen.de\/deutsch\/wp-json\/wp\/v2\/product_brand?post=14566"},{"taxonomy":"product_cat","embeddable":true,"href":"https:\/\/www.123-kaminofen.de\/deutsch\/wp-json\/wp\/v2\/product_cat?post=14566"},{"taxonomy":"product_tag","embeddable":true,"href":"https:\/\/www.123-kaminofen.de\/deutsch\/wp-json\/wp\/v2\/product_tag?post=14566"}],"curies":[{"name":"wp","href":"https:\/\/api.w.org\/{rel}","templated":true}]}}