{"id":15370,"date":"2023-07-20T16:56:36","date_gmt":"2023-07-20T14:56:36","guid":{"rendered":"http:\/\/spectrumsolar.nl\/product\/glasreiniger\/"},"modified":"2026-02-02T12:15:16","modified_gmt":"2026-02-02T11:15:16","slug":"glasreiniger","status":"publish","type":"product","link":"https:\/\/www.123-kaminofen.de\/deutsch\/produkt\/glasreiniger\/","title":{"rendered":"Glasreiniger"},"content":{"rendered":"<h2>Glasreiniger<\/h2>\n<p>Mit dem Glasreiniger f\u00fcr Ihren Kaminofen behalten Sie immer eine klare und maximale Sicht auf die Flammen in Ihrem Holz- oder Pelletofen. Dieser handliche Glasreiniger wurde speziell entwickelt, um Ru\u00df, Schmutz und Ablagerungen auf der Ofenscheibe gr\u00fcndlich zu entfernen, damit Sie einen sch\u00f6nen und ungehinderten Blick auf das Feuer genie\u00dfen k\u00f6nnen.<\/p>\n<p>Die Anwendung des Glasreinigers ist einfach und effizient. Spr\u00fchen Sie einige Male auf die Ofenscheibe, lassen Sie den Reiniger eine Minute lang einwirken und wischen Sie dann den Ofen mit einem Tuch sauber. Die kraftvolle Formel des Glasreinigers sorgt daf\u00fcr, dass auch hartn\u00e4ckige Verschmutzungen m\u00fchelos entfernt werden, ohne Kratzer oder Sch\u00e4den am Glas zu hinterlassen.<\/p>\n<p>Dank des Glasreinigers f\u00fcr Ihren Ofen bleibt Ihr Ofenglas in optimalem Zustand und beh\u00e4lt seinen Glanz und seine Transparenz. Das dient nicht nur der Sicherheit, sondern sorgt auch f\u00fcr ein optimales Feuererlebnis, so dass Sie die Atmosph\u00e4re und W\u00e4rme Ihres Ofens noch mehr genie\u00dfen k\u00f6nnen.<\/p>\n<p>Mit diesem praktischen Glasreiniger m\u00fcssen Sie sich keine Sorgen mehr \u00fcber eine verschmutzte Ofenscheibe machen. Mit dem Glasreiniger f\u00fcr Ihren Kaminofen halten Sie Ihren Ofen in bestem Zustand und genie\u00dfen einen sch\u00f6nen Blick auf die Flammen.<\/p>\n","protected":false},"excerpt":{"rendered":"<p>Glasreiniger Mit dem Glasreiniger f\u00fcr Ihren Kaminofen behalten Sie immer eine klare und maximale Sicht auf die Flammen in Ihrem<\/p>\n","protected":false},"featured_media":28131,"template":"","meta":[],"product_brand":[],"product_cat":[104],"product_tag":[],"class_list":{"0":"post-15370","1":"product","2":"type-product","3":"status-publish","4":"has-post-thumbnail","6":"product_cat-zubehor-fur-ofen","7":"product_shipping_class-standaard-pakket","8":"pa_produkttyp-2-zubehoer","10":"first","11":"instock","12":"taxable","13":"shipping-taxable","14":"purchasable","15":"product-type-simple"},"yoast_head":"<!-- This site is optimized with the Yoast SEO plugin v26.8 - https:\/\/yoast.com\/product\/yoast-seo-wordpress\/ -->\n<title>Glasreiniger | 123-Kaminofen<\/title>\n<meta name=\"description\" content=\"Sie suchen einen Glasreiniger? Dann werden Sie bei 123-Kaminofen f\u00fcndig. Der Experte f\u00fcr Nachhaltigkeit. Entdecken Sie jetzt unsere Angebote.\" \/>\n<meta name=\"robots\" content=\"index, follow, max-snippet:-1, max-image-preview:large, max-video-preview:-1\" \/>\n<link rel=\"canonical\" href=\"https:\/\/www.123-kaminofen.de\/deutsch\/produkt\/glasreiniger\/\" \/>\n<meta property=\"og:locale\" content=\"de_DE\" \/>\n<meta property=\"og:type\" content=\"article\" \/>\n<meta property=\"og:title\" content=\"Glasreiniger | 123-Kaminofen\" \/>\n<meta property=\"og:description\" content=\"Sie suchen einen Glasreiniger? Dann werden Sie bei 123-Kaminofen f\u00fcndig. Der Experte f\u00fcr Nachhaltigkeit. Entdecken Sie jetzt unsere Angebote.\" \/>\n<meta property=\"og:url\" content=\"https:\/\/www.123-kaminofen.de\/deutsch\/produkt\/glasreiniger\/\" \/>\n<meta property=\"og:site_name\" content=\"123-Kaminofen\" \/>\n<meta property=\"article:publisher\" content=\"https:\/\/www.facebook.com\/123kaminofen\" \/>\n<meta property=\"article:modified_time\" content=\"2026-02-02T11:15:16+00:00\" \/>\n<meta property=\"og:image\" content=\"https:\/\/www.123-kaminofen.de\/deutsch\/wp-content\/uploads\/2023\/07\/Laag-1.avif\" \/>\n\t<meta property=\"og:image:width\" content=\"380\" \/>\n\t<meta property=\"og:image:height\" content=\"592\" \/>\n\t<meta property=\"og:image:type\" content=\"image\/png\" \/>\n<meta name=\"twitter:card\" content=\"summary_large_image\" \/>\n<meta name=\"twitter:label1\" content=\"Gesch\u00e4tzte Lesezeit\" \/>\n\t<meta name=\"twitter:data1\" content=\"2\u00a0Minuten\" \/>\n<script type=\"application\/ld+json\" class=\"yoast-schema-graph\">{\"@context\":\"https:\/\/schema.org\",\"@graph\":[{\"@type\":\"WebPage\",\"@id\":\"https:\/\/www.123-kaminofen.de\/deutsch\/produkt\/glasreiniger\/\",\"url\":\"https:\/\/www.123-kaminofen.de\/deutsch\/produkt\/glasreiniger\/\",\"name\":\"Glasreiniger | 123-Kaminofen\",\"isPartOf\":{\"@id\":\"https:\/\/www.123-kaminofen.de\/deutsch\/#website\"},\"primaryImageOfPage\":{\"@id\":\"https:\/\/www.123-kaminofen.de\/deutsch\/produkt\/glasreiniger\/#primaryimage\"},\"image\":{\"@id\":\"https:\/\/www.123-kaminofen.de\/deutsch\/produkt\/glasreiniger\/#primaryimage\"},\"thumbnailUrl\":\"https:\/\/www.123-kaminofen.de\/deutsch\/wp-content\/uploads\/2023\/07\/Laag-1.avif\",\"datePublished\":\"2023-07-20T14:56:36+00:00\",\"dateModified\":\"2026-02-02T11:15:16+00:00\",\"description\":\"Sie suchen einen Glasreiniger? Dann werden Sie bei 123-Kaminofen f\u00fcndig. Der Experte f\u00fcr Nachhaltigkeit. Entdecken Sie jetzt unsere Angebote.\",\"breadcrumb\":{\"@id\":\"https:\/\/www.123-kaminofen.de\/deutsch\/produkt\/glasreiniger\/#breadcrumb\"},\"inLanguage\":\"de\",\"potentialAction\":[{\"@type\":\"ReadAction\",\"target\":[\"https:\/\/www.123-kaminofen.de\/deutsch\/produkt\/glasreiniger\/\"]}]},{\"@type\":\"ImageObject\",\"inLanguage\":\"de\",\"@id\":\"https:\/\/www.123-kaminofen.de\/deutsch\/produkt\/glasreiniger\/#primaryimage\",\"url\":\"https:\/\/www.123-kaminofen.de\/deutsch\/wp-content\/uploads\/2023\/07\/Laag-1.avif\",\"contentUrl\":\"https:\/\/www.123-kaminofen.de\/deutsch\/wp-content\/uploads\/2023\/07\/Laag-1.avif\",\"width\":380,\"height\":592},{\"@type\":\"BreadcrumbList\",\"@id\":\"https:\/\/www.123-kaminofen.de\/deutsch\/produkt\/glasreiniger\/#breadcrumb\",\"itemListElement\":[{\"@type\":\"ListItem\",\"position\":1,\"name\":\"Home\",\"item\":\"https:\/\/www.123-kaminofen.de\/deutsch\/\"},{\"@type\":\"ListItem\",\"position\":2,\"name\":\"Webshop\",\"item\":\"https:\/\/www.123-kaminofen.de\/deutsch\/winkel\/\"},{\"@type\":\"ListItem\",\"position\":3,\"name\":\"Glasreiniger\"}]},{\"@type\":\"WebSite\",\"@id\":\"https:\/\/www.123-kaminofen.de\/deutsch\/#website\",\"url\":\"https:\/\/www.123-kaminofen.de\/deutsch\/\",\"name\":\"123-Kaminofen\",\"description\":\"\",\"publisher\":{\"@id\":\"https:\/\/www.123-kaminofen.de\/deutsch\/#organization\"},\"potentialAction\":[{\"@type\":\"SearchAction\",\"target\":{\"@type\":\"EntryPoint\",\"urlTemplate\":\"https:\/\/www.123-kaminofen.de\/deutsch\/?s={search_term_string}\"},\"query-input\":{\"@type\":\"PropertyValueSpecification\",\"valueRequired\":true,\"valueName\":\"search_term_string\"}}],\"inLanguage\":\"de\"},{\"@type\":\"Organization\",\"@id\":\"https:\/\/www.123-kaminofen.de\/deutsch\/#organization\",\"name\":\"Handelsbetrieb Bakker\",\"alternateName\":\"123-Kaminofen\",\"url\":\"https:\/\/www.123-kaminofen.de\/deutsch\/\",\"logo\":{\"@type\":\"ImageObject\",\"inLanguage\":\"de\",\"@id\":\"https:\/\/www.123-kaminofen.de\/deutsch\/#\/schema\/logo\/image\/\",\"url\":\"https:\/\/www.spectrumsolar.nl\/deutsch\/wp-content\/uploads\/2023\/04\/123-Kaminofen.png\",\"contentUrl\":\"https:\/\/www.spectrumsolar.nl\/deutsch\/wp-content\/uploads\/2023\/04\/123-Kaminofen.png\",\"width\":1447,\"height\":221,\"caption\":\"Handelsbetrieb Bakker\"},\"image\":{\"@id\":\"https:\/\/www.123-kaminofen.de\/deutsch\/#\/schema\/logo\/image\/\"},\"sameAs\":[\"https:\/\/www.facebook.com\/123kaminofen\",\"https:\/\/instagram.com\/123kaminofen\"]}]}<\/script>\n<!-- \/ Yoast SEO plugin. -->","yoast_head_json":{"title":"Glasreiniger | 123-Kaminofen","description":"Sie suchen einen Glasreiniger? Dann werden Sie bei 123-Kaminofen f\u00fcndig. Der Experte f\u00fcr Nachhaltigkeit. Entdecken Sie jetzt unsere Angebote.","robots":{"index":"index","follow":"follow","max-snippet":"max-snippet:-1","max-image-preview":"max-image-preview:large","max-video-preview":"max-video-preview:-1"},"canonical":"https:\/\/www.123-kaminofen.de\/deutsch\/produkt\/glasreiniger\/","og_locale":"de_DE","og_type":"article","og_title":"Glasreiniger | 123-Kaminofen","og_description":"Sie suchen einen Glasreiniger? Dann werden Sie bei 123-Kaminofen f\u00fcndig. Der Experte f\u00fcr Nachhaltigkeit. Entdecken Sie jetzt unsere Angebote.","og_url":"https:\/\/www.123-kaminofen.de\/deutsch\/produkt\/glasreiniger\/","og_site_name":"123-Kaminofen","article_publisher":"https:\/\/www.facebook.com\/123kaminofen","article_modified_time":"2026-02-02T11:15:16+00:00","og_image":[{"width":380,"height":592,"url":"https:\/\/www.123-kaminofen.de\/deutsch\/wp-content\/uploads\/2023\/07\/Laag-1.avif","type":"image\/png"}],"twitter_card":"summary_large_image","twitter_misc":{"Gesch\u00e4tzte Lesezeit":"2\u00a0Minuten"},"schema":{"@context":"https:\/\/schema.org","@graph":[{"@type":"WebPage","@id":"https:\/\/www.123-kaminofen.de\/deutsch\/produkt\/glasreiniger\/","url":"https:\/\/www.123-kaminofen.de\/deutsch\/produkt\/glasreiniger\/","name":"Glasreiniger | 123-Kaminofen","isPartOf":{"@id":"https:\/\/www.123-kaminofen.de\/deutsch\/#website"},"primaryImageOfPage":{"@id":"https:\/\/www.123-kaminofen.de\/deutsch\/produkt\/glasreiniger\/#primaryimage"},"image":{"@id":"https:\/\/www.123-kaminofen.de\/deutsch\/produkt\/glasreiniger\/#primaryimage"},"thumbnailUrl":"https:\/\/www.123-kaminofen.de\/deutsch\/wp-content\/uploads\/2023\/07\/Laag-1.avif","datePublished":"2023-07-20T14:56:36+00:00","dateModified":"2026-02-02T11:15:16+00:00","description":"Sie suchen einen Glasreiniger? Dann werden Sie bei 123-Kaminofen f\u00fcndig. Der Experte f\u00fcr Nachhaltigkeit. Entdecken Sie jetzt unsere Angebote.","breadcrumb":{"@id":"https:\/\/www.123-kaminofen.de\/deutsch\/produkt\/glasreiniger\/#breadcrumb"},"inLanguage":"de","potentialAction":[{"@type":"ReadAction","target":["https:\/\/www.123-kaminofen.de\/deutsch\/produkt\/glasreiniger\/"]}]},{"@type":"ImageObject","inLanguage":"de","@id":"https:\/\/www.123-kaminofen.de\/deutsch\/produkt\/glasreiniger\/#primaryimage","url":"https:\/\/www.123-kaminofen.de\/deutsch\/wp-content\/uploads\/2023\/07\/Laag-1.avif","contentUrl":"https:\/\/www.123-kaminofen.de\/deutsch\/wp-content\/uploads\/2023\/07\/Laag-1.avif","width":380,"height":592},{"@type":"BreadcrumbList","@id":"https:\/\/www.123-kaminofen.de\/deutsch\/produkt\/glasreiniger\/#breadcrumb","itemListElement":[{"@type":"ListItem","position":1,"name":"Home","item":"https:\/\/www.123-kaminofen.de\/deutsch\/"},{"@type":"ListItem","position":2,"name":"Webshop","item":"https:\/\/www.123-kaminofen.de\/deutsch\/winkel\/"},{"@type":"ListItem","position":3,"name":"Glasreiniger"}]},{"@type":"WebSite","@id":"https:\/\/www.123-kaminofen.de\/deutsch\/#website","url":"https:\/\/www.123-kaminofen.de\/deutsch\/","name":"123-Kaminofen","description":"","publisher":{"@id":"https:\/\/www.123-kaminofen.de\/deutsch\/#organization"},"potentialAction":[{"@type":"SearchAction","target":{"@type":"EntryPoint","urlTemplate":"https:\/\/www.123-kaminofen.de\/deutsch\/?s={search_term_string}"},"query-input":{"@type":"PropertyValueSpecification","valueRequired":true,"valueName":"search_term_string"}}],"inLanguage":"de"},{"@type":"Organization","@id":"https:\/\/www.123-kaminofen.de\/deutsch\/#organization","name":"Handelsbetrieb Bakker","alternateName":"123-Kaminofen","url":"https:\/\/www.123-kaminofen.de\/deutsch\/","logo":{"@type":"ImageObject","inLanguage":"de","@id":"https:\/\/www.123-kaminofen.de\/deutsch\/#\/schema\/logo\/image\/","url":"https:\/\/www.spectrumsolar.nl\/deutsch\/wp-content\/uploads\/2023\/04\/123-Kaminofen.png","contentUrl":"https:\/\/www.spectrumsolar.nl\/deutsch\/wp-content\/uploads\/2023\/04\/123-Kaminofen.png","width":1447,"height":221,"caption":"Handelsbetrieb Bakker"},"image":{"@id":"https:\/\/www.123-kaminofen.de\/deutsch\/#\/schema\/logo\/image\/"},"sameAs":["https:\/\/www.facebook.com\/123kaminofen","https:\/\/instagram.com\/123kaminofen"]}]}},"_links":{"self":[{"href":"https:\/\/www.123-kaminofen.de\/deutsch\/wp-json\/wp\/v2\/product\/15370","targetHints":{"allow":["GET"]}}],"collection":[{"href":"https:\/\/www.123-kaminofen.de\/deutsch\/wp-json\/wp\/v2\/product"}],"about":[{"href":"https:\/\/www.123-kaminofen.de\/deutsch\/wp-json\/wp\/v2\/types\/product"}],"version-history":[{"count":1,"href":"https:\/\/www.123-kaminofen.de\/deutsch\/wp-json\/wp\/v2\/product\/15370\/revisions"}],"predecessor-version":[{"id":27487,"href":"https:\/\/www.123-kaminofen.de\/deutsch\/wp-json\/wp\/v2\/product\/15370\/revisions\/27487"}],"wp:featuredmedia":[{"embeddable":true,"href":"https:\/\/www.123-kaminofen.de\/deutsch\/wp-json\/wp\/v2\/media\/28131"}],"wp:attachment":[{"href":"https:\/\/www.123-kaminofen.de\/deutsch\/wp-json\/wp\/v2\/media?parent=15370"}],"wp:term":[{"taxonomy":"product_brand","embeddable":true,"href":"https:\/\/www.123-kaminofen.de\/deutsch\/wp-json\/wp\/v2\/product_brand?post=15370"},{"taxonomy":"product_cat","embeddable":true,"href":"https:\/\/www.123-kaminofen.de\/deutsch\/wp-json\/wp\/v2\/product_cat?post=15370"},{"taxonomy":"product_tag","embeddable":true,"href":"https:\/\/www.123-kaminofen.de\/deutsch\/wp-json\/wp\/v2\/product_tag?post=15370"}],"curies":[{"name":"wp","href":"https:\/\/api.w.org\/{rel}","templated":true}]}}